{"id":1142,"date":"2024-11-22T10:45:06","date_gmt":"2024-11-22T09:45:06","guid":{"rendered":"https:\/\/trzopwood.pl\/?page_id=1142"},"modified":"2024-11-22T10:45:08","modified_gmt":"2024-11-22T09:45:08","slug":"rodo","status":"publish","type":"page","link":"https:\/\/trzopwood.pl\/sk\/rodo\/","title":{"rendered":"RODO"},"content":{"rendered":"<h1 class=\"wp-block-heading\">Informa\u010dn\u00e1 povinnos\u0165 pod\u013ea RODO<\/h1>\n\n\n\n<p>Nasleduj\u00face inform\u00e1cie s\u00fa stru\u010dn\u00fdm, zrozumite\u013en\u00fdm a jasn\u00fdm zhrnut\u00edm inform\u00e1ci\u00ed uveden\u00fdch v&nbsp;<a href=\"https:\/\/trzopwood.pl\/polityka-prywatnosci\">Z\u00e1sady ochrany osobn\u00fdch \u00fadajov<\/a>&nbsp;o prev\u00e1dzkovate\u013eovi, \u00fa\u010dele a sp\u00f4sobe sprac\u00favania osobn\u00fdch \u00fadajov a va\u0161ich pr\u00e1vach v s\u00favislosti s t\u00fdmto sprac\u00favan\u00edm, a to vo forme po\u017eadovanej na splnenie informa\u010dnej povinnosti pod\u013ea z\u00e1kona o ochrane osobn\u00fdch \u00fadajov. Podrobnosti o sp\u00f4sobe sprac\u00favania a pr\u00edslu\u0161n\u00fdch subjektoch s\u00fa k dispoz\u00edcii v uveden\u00fdch z\u00e1sad\u00e1ch.<\/p>\n\n\n\n<h2 class=\"wp-block-heading\">Kto je prev\u00e1dzkovate\u013eom \u00fadajov?<\/h2>\n\n\n\n<p>Spr\u00e1vcom osobn\u00fdch \u00fadajov (\u010falej len \"spr\u00e1vca\") je spolo\u010dnos\u0165 \"JAN TRZOP FIRMA PRODUKCYJNO-HANDLOWO-US\u0141UGOWA TRZOP\", ktor\u00e1 vykon\u00e1va svoju \u010dinnos\u0165 na adrese: MA\u0141OPOLSKIE vojvodstvo, suski powiat, Gmina Bystra-Sidzina, loc. Sidzina, \u010d. 818, 34-236, s pridelen\u00fdm da\u0148ov\u00fdm identifika\u010dn\u00fdm \u010d\u00edslom (NIP): 7351696580, poskytuj\u00faca slu\u017eby elektronicky prostredn\u00edctvom slu\u017eby<\/p>\n\n\n\n<h2 class=\"wp-block-heading\">Ako mo\u017eno kontaktova\u0165 prev\u00e1dzkovate\u013ea \u00fadajov?<\/h2>\n\n\n\n<p>Spr\u00e1vcu m\u00f4\u017eete kontaktova\u0165 jedn\u00fdm z t\u00fdchto sp\u00f4sobov<\/p>\n\n\n\n<ul class=\"wp-block-list\">\n<li><strong>Po\u0161tov\u00e1 adresa<\/strong>\u00a0- JAN TRZOP FIRMA PRODUKCYJNO-HANDKLOWO-US\u0141UGOWA TRZOP\", woj. MA\u0141OPOLSKIE, pow. suski, gmina Bystra-Sidzina, miejsc. Sidzina, \u010d. 818, 34-236<\/li>\n\n\n\n<li><strong>E-mailov\u00e1 adresa<\/strong>\u00a0- jantrzop@onet.pl<\/li>\n\n\n\n<li><strong>Telef\u00f3nne pripojenie<\/strong>\u00a0&#8211; +48 512 275 671<\/li>\n\n\n\n<li><strong>Kontaktn\u00fd formul\u00e1r<\/strong>\u00a0- k dispoz\u00edcii na adrese: \/kontakt<\/li>\n<\/ul>\n\n\n\n<h2 class=\"wp-block-heading\">Vymenoval spr\u00e1vca \u00faradn\u00edka pre ochranu \u00fadajov?<\/h2>\n\n\n\n<p>Pod\u013ea \u010dl\u00e1nku 37 RODO spr\u00e1vca nevymenoval \u00faradn\u00edka pre ochranu \u00fadajov.<\/p>\n\n\n\n<p>V z\u00e1le\u017eitostiach t\u00fdkaj\u00facich sa spracovania \u00fadajov vr\u00e1tane osobn\u00fdch \u00fadajov sa obr\u00e1\u0165te priamo na prev\u00e1dzkovate\u013ea.<\/p>\n\n\n\n<h2 class=\"wp-block-heading\">Odkia\u013e z\u00edskavame osobn\u00e9 \u00fadaje a ak\u00e9 s\u00fa ich zdroje?<\/h2>\n\n\n\n<p>\u00dadaje s\u00fa z\u00edskan\u00e9 z t\u00fdchto zdrojov:<\/p>\n\n\n\n<ul class=\"wp-block-list\">\n<li>od subjektov \u00fadajov<\/li>\n\n\n\n<li>v pr\u00edpade registr\u00e1cie prostredn\u00edctvom soci\u00e1lnych siet\u00ed, s informovan\u00fdm s\u00fahlasom t\u00fdchto os\u00f4b, z t\u00fdchto soci\u00e1lnych siet\u00ed<\/li>\n<\/ul>\n\n\n\n<h2 class=\"wp-block-heading\">Ak\u00fd je rozsah osobn\u00fdch \u00fadajov, ktor\u00e9 sprac\u00favame?<\/h2>\n\n\n\n<p>Procesy slu\u017eby&nbsp;<strong>be\u017en\u00e9 osobn\u00e9 \u00fadaje<\/strong>poskytnut\u00e9 dobrovo\u013ene osobami, ktor\u00fdch sa t\u00fdkaj\u00fa<br><small>(napr. meno, prihlasovacie meno, e-mailov\u00e1 adresa, telef\u00f3n, IP adresa at\u010f.).<\/small><\/p>\n\n\n\n<p>Podrobn\u00fd rozsah sprac\u00favan\u00fdch \u00fadajov je k dispoz\u00edcii v&nbsp;<a href=\"https:\/\/trzopwood.pl\/polityka-prywatnosci\">Z\u00e1sady ochrany osobn\u00fdch \u00fadajov<\/a>.<\/p>\n\n\n\n<h2 class=\"wp-block-heading\">Ak\u00e9 s\u00fa \u00fa\u010dely spracovania na\u0161ich \u00fadajov?<\/h2>\n\n\n\n<p>Osobn\u00e9 \u00fadaje, ktor\u00e9 pou\u017e\u00edvatelia dobrovo\u013ene poskytli, sa sprac\u00favaj\u00fa na jeden z t\u00fdchto \u00fa\u010delov:<\/p>\n\n\n\n<ul class=\"wp-block-list\">\n<li>Zavedenie elektronick\u00fdch slu\u017eieb:\n<ul class=\"wp-block-list\">\n<li>Slu\u017eby registr\u00e1cie a \u00fadr\u017eby v\u00e1\u0161ho \u00fa\u010dtu na webovej lokalite a funkci\u00ed s n\u00edm spojen\u00fdch<\/li>\n\n\n\n<li>slu\u017eby zasielania noviniek (vr\u00e1tane zasielania reklamn\u00e9ho obsahu so s\u00fahlasom)<\/li>\n\n\n\n<li>Slu\u017eby na komentovanie \/ lajkovanie pr\u00edspevkov na webovej lokalite bez registr\u00e1cie<\/li>\n<\/ul>\n<\/li>\n\n\n\n<li>Komunik\u00e1cia spr\u00e1vcu s pou\u017e\u00edvate\u013emi o z\u00e1le\u017eitostiach t\u00fdkaj\u00facich sa slu\u017eby a ochrany \u00fadajov<\/li>\n\n\n\n<li>Zabezpe\u010denie opr\u00e1vnen\u00e9ho z\u00e1ujmu spr\u00e1vcu<\/li>\n<\/ul>\n\n\n\n<h2 class=\"wp-block-heading\">Ak\u00e9 s\u00fa pr\u00e1vne z\u00e1klady spracovania \u00fadajov?<\/h2>\n\n\n\n<p>Slu\u017eba zhroma\u017e\u010fuje a sprac\u00fava \u00fadaje pou\u017e\u00edvate\u013eov na z\u00e1klade:<\/p>\n\n\n\n<ul class=\"wp-block-list\">\n<li>Nariadenie Eur\u00f3pskeho parlamentu a Rady (E\u00da) 2016\/679 z 27. apr\u00edla 2016 o ochrane fyzick\u00fdch os\u00f4b pri sprac\u00favan\u00ed osobn\u00fdch \u00fadajov a o vo\u013enom pohybe tak\u00fdchto \u00fadajov, ktor\u00fdm sa zru\u0161uje smernica 95\/46\/ES (v\u0161eobecn\u00e9 nariadenie o ochrane \u00fadajov)\n<ul class=\"wp-block-list\">\n<li>\u010cl\u00e1nok 6 ods. 1 p\u00edsm. a)<br><small>dotknut\u00e1 osoba udelila s\u00fahlas so spracovan\u00edm svojich osobn\u00fdch \u00fadajov na jeden alebo viacero stanoven\u00fdch \u00fa\u010delov<\/small><\/li>\n\n\n\n<li>\u010cl\u00e1nok 6 ods. 1 p\u00edsm. b)<br><small>sprac\u00favanie je nevyhnutn\u00e9 na plnenie zmluvy, ktorej zmluvnou stranou je dotknut\u00e1 osoba, alebo na prijatie opatren\u00ed na \u017eiados\u0165 dotknutej osoby pred uzavret\u00edm zmluvy<\/small><\/li>\n\n\n\n<li>\u010cl\u00e1nok 6 ods. 1 p\u00edsm. f)<br><small>spracovanie je nevyhnutn\u00e9 na \u00fa\u010dely opr\u00e1vnen\u00fdch z\u00e1ujmov prev\u00e1dzkovate\u013ea alebo tretej strany<\/small><\/li>\n<\/ul>\n<\/li>\n\n\n\n<li>Z\u00e1kon z 10. m\u00e1ja 2018 o ochrane osobn\u00fdch \u00fadajov (Zbierka z\u00e1konov 2018, polo\u017eka 1000)<\/li>\n\n\n\n<li>Z\u00e1kon zo 16. j\u00fala 2004. Z\u00e1kon o telekomunik\u00e1ci\u00e1ch (Zbierka z\u00e1konov 2004, \u010d. 171, polo\u017eka 1800)<\/li>\n\n\n\n<li>Z\u00e1kon zo 4. febru\u00e1ra 1994 o autorskom pr\u00e1ve a s\u00favisiacich pr\u00e1vach (Zbierka z\u00e1konov 1994 \u010d. 24, polo\u017eka 83)<\/li>\n<\/ul>\n\n\n\n<h2 class=\"wp-block-heading\">Ak\u00fd opr\u00e1vnen\u00fd z\u00e1ujem sleduje spr\u00e1vca?<\/h2>\n\n\n\n<ul class=\"wp-block-list\">\n<li>Na \u00fa\u010dely pr\u00edpadn\u00e9ho zistenia, vy\u0161etrovania alebo obrany proti n\u00e1rokom - pr\u00e1vnym z\u00e1kladom spracovania je n\u00e1\u0161 opr\u00e1vnen\u00fd z\u00e1ujem (\u010dl\u00e1nok 6 ods. 1 p\u00edsm. f) RODO) na ochrane na\u0161ich pr\u00e1v, okrem in\u00e9ho vr\u00e1tane;<\/li>\n\n\n\n<li>S cie\u013eom pos\u00fadi\u0165 riziko potenci\u00e1lnych z\u00e1kazn\u00edkov<\/li>\n\n\n\n<li>S cie\u013eom vyhodnoti\u0165 pl\u00e1novan\u00e9 marketingov\u00e9 kampane<\/li>\n\n\n\n<li>Pre priamy marketing<\/li>\n<\/ul>\n\n\n\n<h2 class=\"wp-block-heading\">Ako dlho sprac\u00favame osobn\u00e9 \u00fadaje?<\/h2>\n\n\n\n<p>Uveden\u00e9 osobn\u00e9 \u00fadaje sa spravidla uchov\u00e1vaj\u00fa len po dobu poskytovania slu\u017eby v r\u00e1mci slu\u017eieb poskytovan\u00fdch spr\u00e1vcom. Vyma\u017e\u00fa sa alebo anonymizuj\u00fa v obdob\u00ed do&nbsp;<strong>30 dn\u00ed po ukon\u010den\u00ed poskytovania slu\u017eieb<\/strong>&nbsp;(napr. vymazanie registrovan\u00e9ho pou\u017e\u00edvate\u013esk\u00e9ho \u00fa\u010dtu, odhl\u00e1senie zo zoznamu noviniek at\u010f.).<\/p>\n\n\n\n<p>Vo v\u00fdnimo\u010dn\u00fdch situ\u00e1ci\u00e1ch m\u00f4\u017ee by\u0165 t\u00e1to lehota v z\u00e1ujme zabezpe\u010denia opr\u00e1vnen\u00e9ho z\u00e1ujmu spr\u00e1vcu pred\u013a\u017een\u00e1. V takejto situ\u00e1cii spr\u00e1vca uchov\u00e1va uveden\u00e9 \u00fadaje od okamihu, ke\u010f pou\u017e\u00edvate\u013e po\u017eiada o ich vymazanie, najdlh\u0161ie po dobu 3 rokov v pr\u00edpade poru\u0161enia alebo podozrenia z poru\u0161enia ustanoven\u00ed predpisov webovej str\u00e1nky zo strany dotknutej osoby.<\/p>\n\n\n\n<h2 class=\"wp-block-heading\">Kto je pr\u00edjemcom \u00fadajov vr\u00e1tane osobn\u00fdch \u00fadajov?<\/h2>\n\n\n\n<p>Jedin\u00fdm pr\u00edjemcom \u00fadajov je spravidla spr\u00e1vca.<\/p>\n\n\n\n<p>Spracovan\u00edm \u00fadajov v\u0161ak m\u00f4\u017eu by\u0165 poveren\u00e9 aj in\u00e9 subjekty, ktor\u00e9 pre spr\u00e1vcu vykon\u00e1vaj\u00fa slu\u017eby na zabezpe\u010denie prev\u00e1dzky webovej str\u00e1nky.Medzi tak\u00e9to subjekty m\u00f4\u017eu patri\u0165 okrem in\u00e9ho:<\/p>\n\n\n\n<ul class=\"wp-block-list\">\n<li>Hostingov\u00e9 spolo\u010dnosti, ktor\u00e9 spr\u00e1vcovi poskytuj\u00fa hostingov\u00e9 alebo s\u00favisiace slu\u017eby<\/li>\n\n\n\n<li>Spolo\u010dnosti, prostredn\u00edctvom ktor\u00fdch sa slu\u017eba Newsletter poskytuje<\/li>\n\n\n\n<li>spolo\u010dnosti poskytuj\u00face slu\u017eby a podporu v oblasti IT, ktor\u00e9 vykon\u00e1vaj\u00fa \u00fadr\u017ebu alebo s\u00fa zodpovedn\u00e9 za \u00fadr\u017ebu infra\u0161trukt\u00fary IT<\/li>\n<\/ul>\n\n\n\n<h2 class=\"wp-block-heading\">Bud\u00fa sa va\u0161e osobn\u00e9 \u00fadaje pren\u00e1\u0161a\u0165 mimo Eur\u00f3pskej \u00fanie?<\/h2>\n\n\n\n<p>Osobn\u00e9 \u00fadaje&nbsp;<strong>nebud\u00fa pren\u00e1\u0161an\u00e9 mimo Eur\u00f3pskej \u00fanie.<\/strong>pokia\u013e neboli zverejnen\u00e9 v d\u00f4sledku individu\u00e1lnej akcie pou\u017e\u00edvate\u013ea (napr. vlo\u017eenie koment\u00e1ra alebo pr\u00edspevku), \u010d\u00edm sa tieto \u00fadaje spr\u00edstupnia ka\u017ed\u00e9mu n\u00e1v\u0161tevn\u00edkovi webovej str\u00e1nky.<\/p>\n\n\n\n<h2 class=\"wp-block-heading\">Bud\u00fa osobn\u00e9 \u00fadaje z\u00e1kladom pre automatizovan\u00e9 rozhodovanie?<\/h2>\n\n\n\n<p>Osobn\u00e9 \u00fadaje&nbsp;<strong>sa nebude pou\u017e\u00edva\u0165<\/strong>&nbsp;na automatizovan\u00e9 rozhodovanie (profilovanie).<\/p>\n\n\n\n<h2 class=\"wp-block-heading\">Ak\u00e9 pr\u00e1va m\u00e1te v s\u00favislosti so spracovan\u00edm va\u0161ich osobn\u00fdch \u00fadajov?<\/h2>\n\n\n\n<ul class=\"wp-block-list\">\n<li><strong>Pr\u00e1vo na pr\u00edstup k osobn\u00fdm \u00fadajom<\/strong><br>Pou\u017e\u00edvatelia maj\u00fa pr\u00e1vo na pr\u00edstup k svojim osobn\u00fdm \u00fadajom na z\u00e1klade \u017eiadosti podanej spr\u00e1vcovi.<\/li>\n\n\n\n<li><strong>Pr\u00e1vo na opravu osobn\u00fdch \u00fadajov<\/strong><br>Pou\u017e\u00edvatelia maj\u00fa pr\u00e1vo po\u017eiada\u0165 Spr\u00e1vcu o okam\u017eit\u00fa opravu nepresn\u00fdch osobn\u00fdch \u00fadajov a\/alebo doplnenie ne\u00fapln\u00fdch osobn\u00fdch \u00fadajov, a to na z\u00e1klade \u017eiadosti podanej Spr\u00e1vcovi.<\/li>\n\n\n\n<li><strong>Pr\u00e1vo na vymazanie osobn\u00fdch \u00fadajov<\/strong><br>Pou\u017e\u00edvatelia maj\u00fa pr\u00e1vo po\u017eiada\u0165 spr\u00e1vcu o okam\u017eit\u00e9 vymazanie svojich osobn\u00fdch \u00fadajov, ktor\u00e9 sa vykon\u00e1va na z\u00e1klade \u017eiadosti podanej spr\u00e1vcovi.<br><br>V pr\u00edpade pou\u017e\u00edvate\u013esk\u00fdch \u00fa\u010dtov pozost\u00e1va vymazanie \u00fadajov z anonymiz\u00e1cie identifikovate\u013en\u00fdch \u00fadajov pou\u017e\u00edvate\u013ea.<br><br>V pr\u00edpade slu\u017eby Newsletter m\u00e1 pou\u017e\u00edvate\u013e mo\u017enos\u0165 s\u00e1m vymaza\u0165 svoje osobn\u00e9 \u00fadaje pomocou odkazu uveden\u00e9ho v ka\u017edom zaslanom e-maile.<\/li>\n\n\n\n<li><strong>Pr\u00e1vo na obmedzenie spracovania osobn\u00fdch \u00fadajov<\/strong><br>Pou\u017e\u00edvatelia maj\u00fa pr\u00e1vo obmedzi\u0165 sprac\u00favanie svojich osobn\u00fdch \u00fadajov v pr\u00edpadoch uveden\u00fdch v \u010dl\u00e1nku 18 RODO, ako je napr\u00edklad spochybnenie presnosti ich osobn\u00fdch \u00fadajov, ktor\u00e9 sa uplat\u0148uje na z\u00e1klade \u017eiadosti podanej spr\u00e1vcovi.<\/li>\n\n\n\n<li><strong>Pr\u00e1vo na prenosnos\u0165 \u00fadajov<\/strong><br>Pou\u017e\u00edvatelia maj\u00fa pr\u00e1vo z\u00edska\u0165 od spr\u00e1vcu osobn\u00e9 \u00fadaje, ktor\u00e9 sa ich t\u00fdkaj\u00fa, v \u0161trukt\u00farovanom, be\u017ene pou\u017e\u00edvanom strojovo \u010ditate\u013enom form\u00e1te, a to na z\u00e1klade \u017eiadosti podanej spr\u00e1vcovi<\/li>\n\n\n\n<li><strong>Pr\u00e1vo namieta\u0165 proti spracovaniu osobn\u00fdch \u00fadajov<\/strong><br>Pou\u017e\u00edvatelia maj\u00fa pr\u00e1vo namieta\u0165 proti spracovaniu svojich osobn\u00fdch \u00fadajov v pr\u00edpadoch uveden\u00fdch v \u010dl\u00e1nku 21 RODO, ktor\u00e9 sa uplat\u0148uje na z\u00e1klade \u017eiadosti podanej spr\u00e1vcovi<\/li>\n\n\n\n<li><strong>Pr\u00e1vo kona\u0165<\/strong><br>Pou\u017e\u00edvatelia maj\u00fa pr\u00e1vo poda\u0165 s\u0165a\u017enos\u0165 dozorn\u00e9mu org\u00e1nu na ochranu \u00fadajov.<\/li>\n<\/ul>","protected":false},"excerpt":{"rendered":"<p>Obowi\u0105zek informacyjny RODO Poni\u017csza informacja stanowi zwi\u0119z\u0142y, zrozumia\u0142y i przejrzysty skr\u00f3t informacji zamieszczonych w&nbsp;Polityce Prywatno\u015bci&nbsp;odno\u015bnie Administratora danych, celu i sposobu [&hellip;]<\/p>\n","protected":false},"author":1,"featured_media":0,"parent":0,"menu_order":0,"comment_status":"closed","ping_status":"closed","template":"","meta":{"site-sidebar-layout":"default","site-content-layout":"","ast-site-content-layout":"default","site-content-style":"default","site-sidebar-style":"default","ast-global-header-display":"","ast-banner-title-visibility":"","ast-main-header-display":"","ast-hfb-above-header-display":"","ast-hfb-below-header-display":"","ast-hfb-mobile-header-display":"","site-post-title":"","ast-breadcrumbs-content":"","ast-featured-img":"","footer-sml-layout":"","ast-disable-related-posts":"","theme-transparent-header-meta":"","adv-header-id-meta":"","stick-header-meta":"","header-above-stick-meta":"","header-main-stick-meta":"","header-below-stick-meta":"","astra-migrate-meta-layouts":"default","ast-page-background-enabled":"default","ast-page-background-meta":{"desktop":{"background-color":"var(--ast-global-color-4)","background-image":"","background-repeat":"repeat","background-position":"center center","background-size":"auto","background-attachment":"scroll","background-type":"","background-media":"","overlay-type":"","overlay-color":"","overlay-opacity":"","overlay-gradient":""},"tablet":{"background-color":"","background-image":"","background-repeat":"repeat","background-position":"center center","background-size":"auto","background-attachment":"scroll","background-type":"","background-media":"","overlay-type":"","overlay-color":"","overlay-opacity":"","overlay-gradient":""},"mobile":{"background-color":"","background-image":"","background-repeat":"repeat","background-position":"center center","background-size":"auto","background-attachment":"scroll","background-type":"","background-media":"","overlay-type":"","overlay-color":"","overlay-opacity":"","overlay-gradient":""}},"ast-content-background-meta":{"desktop":{"background-color":"var(--ast-global-color-5)","background-image":"","background-repeat":"repeat","background-position":"center center","background-size":"auto","background-attachment":"scroll","background-type":"","background-media":"","overlay-type":"","overlay-color":"","overlay-opacity":"","overlay-gradient":""},"tablet":{"background-color":"var(--ast-global-color-5)","background-image":"","background-repeat":"repeat","background-position":"center center","background-size":"auto","background-attachment":"scroll","background-type":"","background-media":"","overlay-type":"","overlay-color":"","overlay-opacity":"","overlay-gradient":""},"mobile":{"background-color":"var(--ast-global-color-5)","background-image":"","background-repeat":"repeat","background-position":"center center","background-size":"auto","background-attachment":"scroll","background-type":"","background-media":"","overlay-type":"","overlay-color":"","overlay-opacity":"","overlay-gradient":""}},"footnotes":""},"class_list":["post-1142","page","type-page","status-publish","hentry"],"yoast_head":"<!-- This site is optimized with the Yoast SEO plugin v27.3 - https:\/\/yoast.com\/product\/yoast-seo-wordpress\/ -->\n<title>RODO - Trzop Drewno<\/title>\n<meta name=\"robots\" content=\"index, follow, max-snippet:-1, max-image-preview:large, max-video-preview:-1\" \/>\n<link rel=\"canonical\" href=\"https:\/\/trzopwood.pl\/sk\/rodo\/\" \/>\n<meta property=\"og:locale\" content=\"sk_SK\" \/>\n<meta property=\"og:type\" content=\"article\" \/>\n<meta property=\"og:title\" content=\"RODO - Trzop Drewno\" \/>\n<meta property=\"og:description\" content=\"Obowi\u0105zek informacyjny RODO Poni\u017csza informacja stanowi zwi\u0119z\u0142y, zrozumia\u0142y i przejrzysty skr\u00f3t informacji zamieszczonych w&nbsp;Polityce Prywatno\u015bci&nbsp;odno\u015bnie Administratora danych, celu i sposobu [&hellip;]\" \/>\n<meta property=\"og:url\" content=\"https:\/\/trzopwood.pl\/sk\/rodo\/\" \/>\n<meta property=\"og:site_name\" content=\"Trzop Drewno\" \/>\n<meta property=\"article:modified_time\" content=\"2024-11-22T09:45:08+00:00\" \/>\n<meta name=\"twitter:card\" content=\"summary_large_image\" \/>\n<meta name=\"twitter:label1\" content=\"Predpokladan\u00fd \u010das \u010d\u00edtania\" \/>\n\t<meta name=\"twitter:data1\" content=\"7 min\u00fat\" \/>\n<script type=\"application\/ld+json\" class=\"yoast-schema-graph\">{\"@context\":\"https:\\\/\\\/schema.org\",\"@graph\":[{\"@type\":\"WebPage\",\"@id\":\"https:\\\/\\\/trzopwood.pl\\\/rodo\\\/\",\"url\":\"https:\\\/\\\/trzopwood.pl\\\/rodo\\\/\",\"name\":\"RODO - Trzop Drewno\",\"isPartOf\":{\"@id\":\"https:\\\/\\\/trzopwood.pl\\\/#website\"},\"datePublished\":\"2024-11-22T09:45:06+00:00\",\"dateModified\":\"2024-11-22T09:45:08+00:00\",\"breadcrumb\":{\"@id\":\"https:\\\/\\\/trzopwood.pl\\\/rodo\\\/#breadcrumb\"},\"inLanguage\":\"sk-SK\",\"potentialAction\":[{\"@type\":\"ReadAction\",\"target\":[\"https:\\\/\\\/trzopwood.pl\\\/rodo\\\/\"]}]},{\"@type\":\"BreadcrumbList\",\"@id\":\"https:\\\/\\\/trzopwood.pl\\\/rodo\\\/#breadcrumb\",\"itemListElement\":[{\"@type\":\"ListItem\",\"position\":1,\"name\":\"Strona g\u0142\u00f3wna\",\"item\":\"https:\\\/\\\/trzopwood.pl\\\/\"},{\"@type\":\"ListItem\",\"position\":2,\"name\":\"RODO\"}]},{\"@type\":\"WebSite\",\"@id\":\"https:\\\/\\\/trzopwood.pl\\\/#website\",\"url\":\"https:\\\/\\\/trzopwood.pl\\\/\",\"name\":\"Tartak \\\"TRZOP\\\" \u2013 Kant\u00f3wki, Boazeria, Podbitka, Listwy i Deski\",\"description\":\"\",\"publisher\":{\"@id\":\"https:\\\/\\\/trzopwood.pl\\\/#organization\"},\"potentialAction\":[{\"@type\":\"SearchAction\",\"target\":{\"@type\":\"EntryPoint\",\"urlTemplate\":\"https:\\\/\\\/trzopwood.pl\\\/?s={search_term_string}\"},\"query-input\":{\"@type\":\"PropertyValueSpecification\",\"valueRequired\":true,\"valueName\":\"search_term_string\"}}],\"inLanguage\":\"sk-SK\"},{\"@type\":\"Organization\",\"@id\":\"https:\\\/\\\/trzopwood.pl\\\/#organization\",\"name\":\"JAN TRZOP FIRMA PRODUKCYJNO-HANDKLOWO-US\u0141UGOWA TRZOP\\\"\",\"url\":\"https:\\\/\\\/trzopwood.pl\\\/\",\"logo\":{\"@type\":\"ImageObject\",\"inLanguage\":\"sk-SK\",\"@id\":\"https:\\\/\\\/trzopwood.pl\\\/#\\\/schema\\\/logo\\\/image\\\/\",\"url\":\"https:\\\/\\\/trzopwood.pl\\\/wp-content\\\/uploads\\\/2024\\\/07\\\/cropped-trzop-logo-produkty-z-drewna-biale-cien.png\",\"contentUrl\":\"https:\\\/\\\/trzopwood.pl\\\/wp-content\\\/uploads\\\/2024\\\/07\\\/cropped-trzop-logo-produkty-z-drewna-biale-cien.png\",\"width\":1640,\"height\":644,\"caption\":\"JAN TRZOP FIRMA PRODUKCYJNO-HANDKLOWO-US\u0141UGOWA TRZOP\\\"\"},\"image\":{\"@id\":\"https:\\\/\\\/trzopwood.pl\\\/#\\\/schema\\\/logo\\\/image\\\/\"}}]}<\/script>\n<!-- \/ Yoast SEO plugin. -->","yoast_head_json":{"title":"RODO - Trzop Drewno","robots":{"index":"index","follow":"follow","max-snippet":"max-snippet:-1","max-image-preview":"max-image-preview:large","max-video-preview":"max-video-preview:-1"},"canonical":"https:\/\/trzopwood.pl\/sk\/rodo\/","og_locale":"sk_SK","og_type":"article","og_title":"RODO - Trzop Drewno","og_description":"Obowi\u0105zek informacyjny RODO Poni\u017csza informacja stanowi zwi\u0119z\u0142y, zrozumia\u0142y i przejrzysty skr\u00f3t informacji zamieszczonych w&nbsp;Polityce Prywatno\u015bci&nbsp;odno\u015bnie Administratora danych, celu i sposobu [&hellip;]","og_url":"https:\/\/trzopwood.pl\/sk\/rodo\/","og_site_name":"Trzop Drewno","article_modified_time":"2024-11-22T09:45:08+00:00","twitter_card":"summary_large_image","twitter_misc":{"Predpokladan\u00fd \u010das \u010d\u00edtania":"7 min\u00fat"},"schema":{"@context":"https:\/\/schema.org","@graph":[{"@type":"WebPage","@id":"https:\/\/trzopwood.pl\/rodo\/","url":"https:\/\/trzopwood.pl\/rodo\/","name":"RODO - Trzop Drewno","isPartOf":{"@id":"https:\/\/trzopwood.pl\/#website"},"datePublished":"2024-11-22T09:45:06+00:00","dateModified":"2024-11-22T09:45:08+00:00","breadcrumb":{"@id":"https:\/\/trzopwood.pl\/rodo\/#breadcrumb"},"inLanguage":"sk-SK","potentialAction":[{"@type":"ReadAction","target":["https:\/\/trzopwood.pl\/rodo\/"]}]},{"@type":"BreadcrumbList","@id":"https:\/\/trzopwood.pl\/rodo\/#breadcrumb","itemListElement":[{"@type":"ListItem","position":1,"name":"Strona g\u0142\u00f3wna","item":"https:\/\/trzopwood.pl\/"},{"@type":"ListItem","position":2,"name":"RODO"}]},{"@type":"WebSite","@id":"https:\/\/trzopwood.pl\/#website","url":"https:\/\/trzopwood.pl\/","name":"P\u00edla \"TRZOP\" - hranoly, obklady, podh\u013eady, laty a dosky","description":"","publisher":{"@id":"https:\/\/trzopwood.pl\/#organization"},"potentialAction":[{"@type":"SearchAction","target":{"@type":"EntryPoint","urlTemplate":"https:\/\/trzopwood.pl\/?s={search_term_string}"},"query-input":{"@type":"PropertyValueSpecification","valueRequired":true,"valueName":"search_term_string"}}],"inLanguage":"sk-SK"},{"@type":"Organization","@id":"https:\/\/trzopwood.pl\/#organization","name":"JAN TRZOP PRODUCTION AND SERVICE COMPANY TRZOP\"","url":"https:\/\/trzopwood.pl\/","logo":{"@type":"ImageObject","inLanguage":"sk-SK","@id":"https:\/\/trzopwood.pl\/#\/schema\/logo\/image\/","url":"https:\/\/trzopwood.pl\/wp-content\/uploads\/2024\/07\/cropped-trzop-logo-produkty-z-drewna-biale-cien.png","contentUrl":"https:\/\/trzopwood.pl\/wp-content\/uploads\/2024\/07\/cropped-trzop-logo-produkty-z-drewna-biale-cien.png","width":1640,"height":644,"caption":"JAN TRZOP FIRMA PRODUKCYJNO-HANDKLOWO-US\u0141UGOWA TRZOP\""},"image":{"@id":"https:\/\/trzopwood.pl\/#\/schema\/logo\/image\/"}}]}},"_links":{"self":[{"href":"https:\/\/trzopwood.pl\/sk\/wp-json\/wp\/v2\/pages\/1142","targetHints":{"allow":["GET"]}}],"collection":[{"href":"https:\/\/trzopwood.pl\/sk\/wp-json\/wp\/v2\/pages"}],"about":[{"href":"https:\/\/trzopwood.pl\/sk\/wp-json\/wp\/v2\/types\/page"}],"author":[{"embeddable":true,"href":"https:\/\/trzopwood.pl\/sk\/wp-json\/wp\/v2\/users\/1"}],"replies":[{"embeddable":true,"href":"https:\/\/trzopwood.pl\/sk\/wp-json\/wp\/v2\/comments?post=1142"}],"version-history":[{"count":1,"href":"https:\/\/trzopwood.pl\/sk\/wp-json\/wp\/v2\/pages\/1142\/revisions"}],"predecessor-version":[{"id":1143,"href":"https:\/\/trzopwood.pl\/sk\/wp-json\/wp\/v2\/pages\/1142\/revisions\/1143"}],"wp:attachment":[{"href":"https:\/\/trzopwood.pl\/sk\/wp-json\/wp\/v2\/media?parent=1142"}],"curies":[{"name":"wp","href":"https:\/\/api.w.org\/{rel}","templated":true}]}}